{"id":399,"date":"2021-02-16T19:39:47","date_gmt":"2021-02-16T19:39:47","guid":{"rendered":"https:\/\/www.jagland.hu\/?page_id=399"},"modified":"2021-02-16T19:46:15","modified_gmt":"2021-02-16T19:46:15","slug":"adatkezelesi-iranyelvek","status":"publish","type":"page","link":"https:\/\/www.jagland.hu\/index.php\/adatkezelesi-iranyelvek\/","title":{"rendered":"Adatkezel\u00e9si ir\u00e1nyelvek"},"content":{"rendered":"<section class=\"section  text-normal section-text-no-shadow section-inner-no-shadow section-normal section-opaque\"  >\n    \n    <div class=\"background-overlay grid-overlay-0 \" style=\"background-color: rgba(240,240,240,1);\"><\/div>\n\n    <div class=\"container-fullwidth container-vertical-default\">\n        <div class=\"row vertical-default\">\n            <div class=\"col-md-12     text-default small-screen-default\"  >[rev_slider_vc alias=&#8221;homecorporate&#8221;]<\/div>        <\/div>\n    <\/div>\n<\/section>\n<section class=\"section  text-normal section-text-no-shadow section-inner-no-shadow section-normal section-opaque\"  id=\"szolgaltatasaink\" >\n    \n    <div class=\"background-overlay grid-overlay-0 \" style=\"background-color: rgba(0,0,0,0);\"><\/div>\n\n    <div class=\"container container-vertical-default\">\n        <div class=\"row vertical-default\">\n            <div class=\"col-md-12     text-default small-screen-default\"  ><div class=\"row \"><div class=\"col-md-2     text-default small-screen-default\"  ><\/div><div class=\"col-md-8     text-default small-screen-default\"  ><div class=\"col-text-1 text-normal  element-top-20 element-bottom-20\" data-os-animation=\"none\" data-os-animation-delay=\"0s\">\n    <p><script id=\"barat_script\">var st = document.createElement(\"script\");st.src = \"\/\/admin.fogyasztobarat.hu\/e-api.js\";st.type = \"text\/javascript\";st.setAttribute(\"data-id\", \"OGMCX88V\");st.setAttribute(\"id\", \"fbarat-embed\");st.setAttribute(\"data-type\", \"aszf\");var s = document.getElementById(\"barat_script\");s.parentNode.insertBefore(st, s);<\/script><\/p>\n<\/div>\n<\/div><div class=\"col-md-2     text-default small-screen-default\"  ><\/div><\/div><\/div>        <\/div>\n    <\/div>\n<\/section>\n<section class=\"section  text-normal section-text-no-shadow section-inner-no-shadow section-normal section-opaque\"  id=\"about\" >\n    \n    <div class=\"background-overlay grid-overlay-0 \" style=\"background-color: rgba(250,250,250,1);\"><\/div>\n\n    <div class=\"container container-vertical-middle\">\n        <div class=\"row vertical-middle\">\n            <div class=\"col-md-2     text-default small-screen-default\"  ><\/div><div class=\"col-md-8     text-default small-screen-default\"  ><div class=\"col-text-1 text-normal  element-top-20 element-bottom-20\" data-os-animation=\"none\" data-os-animation-delay=\"0s\">\n    <p><script id=\"barat_script\">var st = document.createElement(\"script\");st.src = \"\/\/admin.fogyasztobarat.hu\/e-api.js\";st.type = \"text\/javascript\";st.setAttribute(\"data-id\", \"OGMCX88V\");st.setAttribute(\"id\", \"fbarat-embed\");st.setAttribute(\"data-type\", \"at\");var s = document.getElementById(\"barat_script\");s.parentNode.insertBefore(st, s);<\/script><\/p>\n<\/div>\n<div class=\"divider-wrapper \" style=\"visibility:hidden;background-color:#FFFFFF\">\n    <div class=\"visible-xs\" style=\"height:24px;\"><\/div>\n    <div class=\"visible-sm\" style=\"height:24px;\"><\/div>\n    <div class=\"visible-md\" style=\"height:24px;\"><\/div>\n    <div class=\"visible-lg\" style=\"height:24px;\"><\/div>\n<\/div><\/div><div class=\"col-md-2     text-default small-screen-default\"  ><\/div>        <\/div>\n    <\/div>\n<\/section>\n","protected":false},"excerpt":{"rendered":"[rev_slider_vc alias=\"homecorporate\"]","protected":false},"author":1,"featured_media":0,"parent":0,"menu_order":0,"comment_status":"closed","ping_status":"open","template":"","meta":{"inline_featured_image":false,"footnotes":""},"class_list":["post-399","page","type-page","status-publish","hentry"],"yoast_head":"<!-- This site is optimized with the Yoast SEO plugin v20.5 - https:\/\/yoast.com\/wordpress\/plugins\/seo\/ -->\n<title>Adatkezel\u00e9si ir\u00e1nyelvek - JAGLAND<\/title>\n<meta name=\"robots\" content=\"index, follow, max-snippet:-1, max-image-preview:large, max-video-preview:-1\" \/>\n<link rel=\"canonical\" href=\"https:\/\/www.jagland.hu\/index.php\/adatkezelesi-iranyelvek\/\" \/>\n<meta property=\"og:locale\" content=\"hu_HU\" \/>\n<meta property=\"og:type\" content=\"article\" \/>\n<meta property=\"og:title\" content=\"Adatkezel\u00e9si ir\u00e1nyelvek - JAGLAND\" \/>\n<meta property=\"og:url\" content=\"https:\/\/www.jagland.hu\/index.php\/adatkezelesi-iranyelvek\/\" \/>\n<meta property=\"og:site_name\" content=\"JAGLAND\" \/>\n<meta property=\"article:modified_time\" content=\"2021-02-16T19:46:15+00:00\" \/>\n<meta name=\"twitter:card\" content=\"summary_large_image\" \/>\n<meta name=\"twitter:label1\" content=\"Becs\u00fclt olvas\u00e1si id\u0151\" \/>\n\t<meta name=\"twitter:data1\" content=\"1 perc\" \/>\n<script type=\"application\/ld+json\" class=\"yoast-schema-graph\">{\"@context\":\"https:\/\/schema.org\",\"@graph\":[{\"@type\":\"WebPage\",\"@id\":\"https:\/\/www.jagland.hu\/index.php\/adatkezelesi-iranyelvek\/\",\"url\":\"https:\/\/www.jagland.hu\/index.php\/adatkezelesi-iranyelvek\/\",\"name\":\"Adatkezel\u00e9si ir\u00e1nyelvek - JAGLAND\",\"isPartOf\":{\"@id\":\"https:\/\/www.jagland.hu\/#website\"},\"datePublished\":\"2021-02-16T19:39:47+00:00\",\"dateModified\":\"2021-02-16T19:46:15+00:00\",\"breadcrumb\":{\"@id\":\"https:\/\/www.jagland.hu\/index.php\/adatkezelesi-iranyelvek\/#breadcrumb\"},\"inLanguage\":\"hu\",\"potentialAction\":[{\"@type\":\"ReadAction\",\"target\":[\"https:\/\/www.jagland.hu\/index.php\/adatkezelesi-iranyelvek\/\"]}]},{\"@type\":\"BreadcrumbList\",\"@id\":\"https:\/\/www.jagland.hu\/index.php\/adatkezelesi-iranyelvek\/#breadcrumb\",\"itemListElement\":[{\"@type\":\"ListItem\",\"position\":1,\"name\":\"Kezd\u0151lap\",\"item\":\"https:\/\/www.jagland.hu\/\"},{\"@type\":\"ListItem\",\"position\":2,\"name\":\"Adatkezel\u00e9si ir\u00e1nyelvek\"}]},{\"@type\":\"WebSite\",\"@id\":\"https:\/\/www.jagland.hu\/#website\",\"url\":\"https:\/\/www.jagland.hu\/\",\"name\":\"JAGLAND\",\"description\":\"British Car Parts\",\"potentialAction\":[{\"@type\":\"SearchAction\",\"target\":{\"@type\":\"EntryPoint\",\"urlTemplate\":\"https:\/\/www.jagland.hu\/?s={search_term_string}\"},\"query-input\":\"required name=search_term_string\"}],\"inLanguage\":\"hu\"}]}<\/script>\n<!-- \/ Yoast SEO plugin. -->","yoast_head_json":{"title":"Adatkezel\u00e9si ir\u00e1nyelvek - JAGLAND","robots":{"index":"index","follow":"follow","max-snippet":"max-snippet:-1","max-image-preview":"max-image-preview:large","max-video-preview":"max-video-preview:-1"},"canonical":"https:\/\/www.jagland.hu\/index.php\/adatkezelesi-iranyelvek\/","og_locale":"hu_HU","og_type":"article","og_title":"Adatkezel\u00e9si ir\u00e1nyelvek - JAGLAND","og_url":"https:\/\/www.jagland.hu\/index.php\/adatkezelesi-iranyelvek\/","og_site_name":"JAGLAND","article_modified_time":"2021-02-16T19:46:15+00:00","twitter_card":"summary_large_image","twitter_misc":{"Becs\u00fclt olvas\u00e1si id\u0151":"1 perc"},"schema":{"@context":"https:\/\/schema.org","@graph":[{"@type":"WebPage","@id":"https:\/\/www.jagland.hu\/index.php\/adatkezelesi-iranyelvek\/","url":"https:\/\/www.jagland.hu\/index.php\/adatkezelesi-iranyelvek\/","name":"Adatkezel\u00e9si ir\u00e1nyelvek - JAGLAND","isPartOf":{"@id":"https:\/\/www.jagland.hu\/#website"},"datePublished":"2021-02-16T19:39:47+00:00","dateModified":"2021-02-16T19:46:15+00:00","breadcrumb":{"@id":"https:\/\/www.jagland.hu\/index.php\/adatkezelesi-iranyelvek\/#breadcrumb"},"inLanguage":"hu","potentialAction":[{"@type":"ReadAction","target":["https:\/\/www.jagland.hu\/index.php\/adatkezelesi-iranyelvek\/"]}]},{"@type":"BreadcrumbList","@id":"https:\/\/www.jagland.hu\/index.php\/adatkezelesi-iranyelvek\/#breadcrumb","itemListElement":[{"@type":"ListItem","position":1,"name":"Kezd\u0151lap","item":"https:\/\/www.jagland.hu\/"},{"@type":"ListItem","position":2,"name":"Adatkezel\u00e9si ir\u00e1nyelvek"}]},{"@type":"WebSite","@id":"https:\/\/www.jagland.hu\/#website","url":"https:\/\/www.jagland.hu\/","name":"JAGLAND","description":"British Car Parts","potentialAction":[{"@type":"SearchAction","target":{"@type":"EntryPoint","urlTemplate":"https:\/\/www.jagland.hu\/?s={search_term_string}"},"query-input":"required name=search_term_string"}],"inLanguage":"hu"}]}},"_links":{"self":[{"href":"https:\/\/www.jagland.hu\/index.php\/wp-json\/wp\/v2\/pages\/399","targetHints":{"allow":["GET"]}}],"collection":[{"href":"https:\/\/www.jagland.hu\/index.php\/wp-json\/wp\/v2\/pages"}],"about":[{"href":"https:\/\/www.jagland.hu\/index.php\/wp-json\/wp\/v2\/types\/page"}],"author":[{"embeddable":true,"href":"https:\/\/www.jagland.hu\/index.php\/wp-json\/wp\/v2\/users\/1"}],"replies":[{"embeddable":true,"href":"https:\/\/www.jagland.hu\/index.php\/wp-json\/wp\/v2\/comments?post=399"}],"version-history":[{"count":3,"href":"https:\/\/www.jagland.hu\/index.php\/wp-json\/wp\/v2\/pages\/399\/revisions"}],"predecessor-version":[{"id":402,"href":"https:\/\/www.jagland.hu\/index.php\/wp-json\/wp\/v2\/pages\/399\/revisions\/402"}],"wp:attachment":[{"href":"https:\/\/www.jagland.hu\/index.php\/wp-json\/wp\/v2\/media?parent=399"}],"curies":[{"name":"wp","href":"https:\/\/api.w.org\/{rel}","templated":true}]}}